{"id":21,"date":"2025-09-08T12:45:30","date_gmt":"2025-09-08T12:45:30","guid":{"rendered":"https:\/\/ggmetal.rkinformatika.online\/?page_id=21"},"modified":"2025-09-08T15:39:08","modified_gmt":"2025-09-08T15:39:08","slug":"inicio","status":"publish","type":"page","link":"https:\/\/ggmetal.es\/en\/","title":{"rendered":"Home"},"content":{"rendered":"<div data-elementor-type=\"wp-page\" data-elementor-id=\"21\" class=\"elementor elementor-21\" data-elementor-post-type=\"page\">\n\t\t\t\t<div class=\"elementor-element elementor-element-d51a558 e-con-full e-flex e-con e-parent\" data-id=\"d51a558\" data-element_type=\"container\" data-e-type=\"container\" data-settings=\"{&quot;background_background&quot;:&quot;classic&quot;}\">\n\t\t<div class=\"elementor-element elementor-element-550ce8c e-con-full e-flex e-con e-child\" data-id=\"550ce8c\" data-element_type=\"container\" data-e-type=\"container\">\n\t\t\t\t<div class=\"elementor-element elementor-element-7e9d7df elementor-invisible elementor-widget elementor-widget-heading\" data-id=\"7e9d7df\" data-element_type=\"widget\" data-e-type=\"widget\" data-settings=\"{&quot;_animation&quot;:&quot;fadeInRight&quot;}\" data-widget_type=\"heading.default\">\n\t\t\t\t\t<h2 class=\"elementor-heading-title elementor-size-default\">G&amp;G Metal Innovation<\/h2>\t\t\t\t<\/div>\n\t\t\t\t<\/div>\n\t\t\t\t<\/div>\n\t\t<div class=\"elementor-element elementor-element-3ffc4a4 e-flex e-con-boxed e-con e-parent\" data-id=\"3ffc4a4\" data-element_type=\"container\" data-e-type=\"container\" data-settings=\"{&quot;background_background&quot;:&quot;classic&quot;}\">\n\t\t\t\t\t<div class=\"e-con-inner\">\n\t\t<div class=\"elementor-element elementor-element-c6922b5 e-con-full e-flex e-con e-child\" data-id=\"c6922b5\" data-element_type=\"container\" data-e-type=\"container\">\n\t\t\t\t<div class=\"elementor-element elementor-element-c77c5c7 elementor-widget elementor-widget-image\" data-id=\"c77c5c7\" data-element_type=\"widget\" data-e-type=\"widget\" data-widget_type=\"image.default\">\n\t\t\t\t\t\t\t\t\t\t\t\t\t\t\t<img fetchpriority=\"high\" decoding=\"async\" width=\"768\" height=\"1024\" src=\"https:\/\/ggmetal.es\/wp-content\/uploads\/2025\/09\/puerta_corredera_chapa_plegada-768x1024.jpeg\" class=\"attachment-large size-large wp-image-151\" alt=\"\" srcset=\"https:\/\/ggmetal.es\/wp-content\/uploads\/2025\/09\/puerta_corredera_chapa_plegada-768x1024.jpeg 768w, https:\/\/ggmetal.es\/wp-content\/uploads\/2025\/09\/puerta_corredera_chapa_plegada-225x300.jpeg 225w, https:\/\/ggmetal.es\/wp-content\/uploads\/2025\/09\/puerta_corredera_chapa_plegada-1152x1536.jpeg 1152w, https:\/\/ggmetal.es\/wp-content\/uploads\/2025\/09\/puerta_corredera_chapa_plegada-9x12.jpeg 9w, https:\/\/ggmetal.es\/wp-content\/uploads\/2025\/09\/puerta_corredera_chapa_plegada.jpeg 1536w\" sizes=\"(max-width: 768px) 100vw, 768px\" \/>\t\t\t\t\t\t\t\t\t\t\t\t\t\t\t<\/div>\n\t\t\t\t<\/div>\n\t\t<div class=\"elementor-element elementor-element-a92e075 e-con-full e-flex e-con e-child\" data-id=\"a92e075\" data-element_type=\"container\" data-e-type=\"container\">\n\t\t\t\t<div class=\"elementor-element elementor-element-7b91562 elementor-widget elementor-widget-heading\" data-id=\"7b91562\" data-element_type=\"widget\" data-e-type=\"widget\" data-widget_type=\"heading.default\">\n\t\t\t\t\t<h2 class=\"elementor-heading-title elementor-size-default\">About us<\/h2>\t\t\t\t<\/div>\n\t\t\t\t<div class=\"elementor-element elementor-element-cb7d4c7 elementor-widget elementor-widget-text-editor\" data-id=\"cb7d4c7\" data-element_type=\"widget\" data-e-type=\"widget\" data-widget_type=\"text-editor.default\">\n\t\t\t\t\t\t\t\t\t<p>SINCE 1989<\/p>\t\t\t\t\t\t\t\t<\/div>\n\t\t\t\t<div class=\"elementor-element elementor-element-9ef1569 elementor-widget elementor-widget-text-editor\" data-id=\"9ef1569\" data-element_type=\"widget\" data-e-type=\"widget\" data-widget_type=\"text-editor.default\">\n\t\t\t\t\t\t\t\t\t<p>We are a company founded in 1989. Our development began in a family environment, which, after much perseverance and effort, we have successfully brought to growth.<\/p><p>We are dedicated to the design and development of metal structures and carpentry.<\/p><p>Modernity and creativity are the fundamental pillars for continuing to grow and offering services that satisfy our clients\u2019 demands.<\/p><p>In all our projects, innovation prevails, using the latest technologies and turning our work into art.<\/p>\t\t\t\t\t\t\t\t<\/div>\n\t\t\t\t<div class=\"elementor-element elementor-element-cab4eb6 elementor-widget elementor-widget-heading\" data-id=\"cab4eb6\" data-element_type=\"widget\" data-e-type=\"widget\" data-widget_type=\"heading.default\">\n\t\t\t\t\t<h2 class=\"elementor-heading-title elementor-size-default\">Jes\u00fas Tom\u00e1s G\u00f3mez &amp; G\u00f3mez<\/h2>\t\t\t\t<\/div>\n\t\t\t\t<\/div>\n\t\t\t\t\t<\/div>\n\t\t\t\t<\/div>\n\t\t<div class=\"elementor-element elementor-element-a274a92 e-con-full e-flex e-con e-parent\" data-id=\"a274a92\" data-element_type=\"container\" data-e-type=\"container\" data-settings=\"{&quot;background_background&quot;:&quot;classic&quot;}\">\n\t\t\t\t<div class=\"elementor-element elementor-element-70b9351 elementor-cta--skin-cover elementor-animated-content elementor-bg-transform elementor-bg-transform-zoom-in elementor-widget elementor-widget-call-to-action\" data-id=\"70b9351\" data-element_type=\"widget\" data-e-type=\"widget\" data-widget_type=\"call-to-action.default\">\n\t\t\t\t\t\t\t<div class=\"elementor-cta\">\n\t\t\t\t\t<div class=\"elementor-cta__bg-wrapper\">\n\t\t\t\t<div class=\"elementor-cta__bg elementor-bg\" style=\"background-image: url(https:\/\/ggmetal.es\/wp-content\/uploads\/2025\/09\/porton_corredizo-1024x576.jpeg);\" role=\"img\" aria-label=\"porton_corredizo\"><\/div>\n\t\t\t\t<div class=\"elementor-cta__bg-overlay\"><\/div>\n\t\t\t<\/div>\n\t\t\t\t\t\t\t<div class=\"elementor-cta__content\">\n\t\t\t\t\n\t\t\t\t\t\t\t\t\t<h2 class=\"elementor-cta__title elementor-cta__content-item elementor-content-item elementor-animated-item--grow\">\n\t\t\t\t\t\tComprehensive renovations and maintenance within your reach.\t\t\t\t\t<\/h2>\n\t\t\t\t\n\t\t\t\t\t\t\t\t\t<div class=\"elementor-cta__description elementor-cta__content-item elementor-content-item elementor-animated-item--grow\">\n\t\t\t\t\t\tTransformamos sus espacios con calidad, compromiso y garant\u00eda.\t\t\t\t\t<\/div>\n\t\t\t\t\n\t\t\t\t\t\t\t\t\t<div class=\"elementor-cta__button-wrapper elementor-cta__content-item elementor-content-item elementor-animated-item--grow\">\n\t\t\t\t\t<a class=\"elementor-cta__button elementor-button elementor-size-\" href=\"https:\/\/ggmetal.es\/en\/servicios\/\">\n\t\t\t\t\t\tServices\t\t\t\t\t<\/a>\n\t\t\t\t\t<\/div>\n\t\t\t\t\t\t\t<\/div>\n\t\t\t\t\t\t<\/div>\n\t\t\t\t\t\t<\/div>\n\t\t\t\t<\/div>\n\t\t\t\t<\/div>","protected":false},"excerpt":{"rendered":"<p>G&amp;G Metal Innovation Sobre nosotros SINCE 1989 Somos una empresa fundada en 1989. Su desarrollo comenz\u00f3 en un entorno familiar, que despu\u00e9s de mucha constancia y esfuerzo hemos llevado al alza. Nos dedicamos al dise\u00f1o y desarrollo de; estructuras y carpinter\u00eda met\u00e1lica. La actualidad y la creatividad son los pilares fundamentales para seguir creciendo, y [&hellip;]<\/p>\n","protected":false},"author":1,"featured_media":0,"parent":0,"menu_order":0,"comment_status":"closed","ping_status":"closed","template":"elementor_canvas","meta":{"footnotes":""},"class_list":["post-21","page","type-page","status-publish","hentry"],"yoast_head":"<!-- This site is optimized with the Yoast SEO plugin v27.5 - https:\/\/yoast.com\/product\/yoast-seo-wordpress\/ -->\n<title>Inicio - G&amp;G Metal Innovation<\/title>\n<meta name=\"robots\" content=\"index, follow, max-snippet:-1, max-image-preview:large, max-video-preview:-1\" \/>\n<link rel=\"canonical\" href=\"https:\/\/ggmetal.es\/en\/\" \/>\n<meta property=\"og:locale\" content=\"en_GB\" \/>\n<meta property=\"og:type\" content=\"article\" \/>\n<meta property=\"og:title\" content=\"Inicio - G&amp;G Metal Innovation\" \/>\n<meta property=\"og:description\" content=\"G&amp;G Metal Innovation Sobre nosotros SINCE 1989 Somos una empresa fundada en 1989. Su desarrollo comenz\u00f3 en un entorno familiar, que despu\u00e9s de mucha constancia y esfuerzo hemos llevado al alza. Nos dedicamos al dise\u00f1o y desarrollo de; estructuras y carpinter\u00eda met\u00e1lica. La actualidad y la creatividad son los pilares fundamentales para seguir creciendo, y [&hellip;]\" \/>\n<meta property=\"og:url\" content=\"https:\/\/ggmetal.es\/en\/\" \/>\n<meta property=\"og:site_name\" content=\"G&amp;G Metal Innovation\" \/>\n<meta property=\"article:modified_time\" content=\"2025-09-08T15:39:08+00:00\" \/>\n<meta property=\"og:image\" content=\"https:\/\/ggmetal.es\/wp-content\/uploads\/2025\/09\/puerta_corredera_chapa_plegada.jpeg\" \/>\n\t<meta property=\"og:image:width\" content=\"1536\" \/>\n\t<meta property=\"og:image:height\" content=\"2048\" \/>\n\t<meta property=\"og:image:type\" content=\"image\/jpeg\" \/>\n<meta name=\"twitter:card\" content=\"summary_large_image\" \/>\n<meta name=\"twitter:label1\" content=\"Estimated reading time\" \/>\n\t<meta name=\"twitter:data1\" content=\"1 minute\" \/>\n<script type=\"application\/ld+json\" class=\"yoast-schema-graph\">{\"@context\":\"https:\\\/\\\/schema.org\",\"@graph\":[{\"@type\":\"WebPage\",\"@id\":\"https:\\\/\\\/ggmetal.es\\\/\",\"url\":\"https:\\\/\\\/ggmetal.es\\\/\",\"name\":\"Inicio - G&amp;G Metal Innovation\",\"isPartOf\":{\"@id\":\"https:\\\/\\\/ggmetal.es\\\/#website\"},\"primaryImageOfPage\":{\"@id\":\"https:\\\/\\\/ggmetal.es\\\/#primaryimage\"},\"image\":{\"@id\":\"https:\\\/\\\/ggmetal.es\\\/#primaryimage\"},\"thumbnailUrl\":\"https:\\\/\\\/ggmetal.es\\\/wp-content\\\/uploads\\\/2025\\\/09\\\/puerta_corredera_chapa_plegada-768x1024.jpeg\",\"datePublished\":\"2025-09-08T12:45:30+00:00\",\"dateModified\":\"2025-09-08T15:39:08+00:00\",\"breadcrumb\":{\"@id\":\"https:\\\/\\\/ggmetal.es\\\/#breadcrumb\"},\"inLanguage\":\"en-GB\",\"potentialAction\":[{\"@type\":\"ReadAction\",\"target\":[\"https:\\\/\\\/ggmetal.es\\\/\"]}]},{\"@type\":\"ImageObject\",\"inLanguage\":\"en-GB\",\"@id\":\"https:\\\/\\\/ggmetal.es\\\/#primaryimage\",\"url\":\"https:\\\/\\\/ggmetal.es\\\/wp-content\\\/uploads\\\/2025\\\/09\\\/puerta_corredera_chapa_plegada-768x1024.jpeg\",\"contentUrl\":\"https:\\\/\\\/ggmetal.es\\\/wp-content\\\/uploads\\\/2025\\\/09\\\/puerta_corredera_chapa_plegada-768x1024.jpeg\"},{\"@type\":\"BreadcrumbList\",\"@id\":\"https:\\\/\\\/ggmetal.es\\\/#breadcrumb\",\"itemListElement\":[{\"@type\":\"ListItem\",\"position\":1,\"name\":\"Portada\",\"item\":\"https:\\\/\\\/ggmetal.es\\\/\"},{\"@type\":\"ListItem\",\"position\":2,\"name\":\"Inicio\"}]},{\"@type\":\"WebSite\",\"@id\":\"https:\\\/\\\/ggmetal.es\\\/#website\",\"url\":\"https:\\\/\\\/ggmetal.es\\\/\",\"name\":\"G&amp;G Metal Innovation\",\"description\":\"ESTRUTURAS METALICAS Y CERRAJERIA\",\"publisher\":{\"@id\":\"https:\\\/\\\/ggmetal.es\\\/#organization\"},\"potentialAction\":[{\"@type\":\"SearchAction\",\"target\":{\"@type\":\"EntryPoint\",\"urlTemplate\":\"https:\\\/\\\/ggmetal.es\\\/?s={search_term_string}\"},\"query-input\":{\"@type\":\"PropertyValueSpecification\",\"valueRequired\":true,\"valueName\":\"search_term_string\"}}],\"inLanguage\":\"en-GB\"},{\"@type\":\"Organization\",\"@id\":\"https:\\\/\\\/ggmetal.es\\\/#organization\",\"name\":\"G&amp;G Metal Innovation\",\"url\":\"https:\\\/\\\/ggmetal.es\\\/\",\"logo\":{\"@type\":\"ImageObject\",\"inLanguage\":\"en-GB\",\"@id\":\"https:\\\/\\\/ggmetal.es\\\/#\\\/schema\\\/logo\\\/image\\\/\",\"url\":\"https:\\\/\\\/ggmetal.es\\\/wp-content\\\/uploads\\\/2025\\\/09\\\/cropped-logo-Isabel-Gomez-Sienra.png\",\"contentUrl\":\"https:\\\/\\\/ggmetal.es\\\/wp-content\\\/uploads\\\/2025\\\/09\\\/cropped-logo-Isabel-Gomez-Sienra.png\",\"width\":719,\"height\":447,\"caption\":\"G&amp;G Metal Innovation\"},\"image\":{\"@id\":\"https:\\\/\\\/ggmetal.es\\\/#\\\/schema\\\/logo\\\/image\\\/\"}}]}<\/script>\n<!-- \/ Yoast SEO plugin. -->","yoast_head_json":{"title":"Inicio - G&amp;G Metal Innovation","robots":{"index":"index","follow":"follow","max-snippet":"max-snippet:-1","max-image-preview":"max-image-preview:large","max-video-preview":"max-video-preview:-1"},"canonical":"https:\/\/ggmetal.es\/en\/","og_locale":"en_GB","og_type":"article","og_title":"Inicio - G&amp;G Metal Innovation","og_description":"G&amp;G Metal Innovation Sobre nosotros SINCE 1989 Somos una empresa fundada en 1989. Su desarrollo comenz\u00f3 en un entorno familiar, que despu\u00e9s de mucha constancia y esfuerzo hemos llevado al alza. Nos dedicamos al dise\u00f1o y desarrollo de; estructuras y carpinter\u00eda met\u00e1lica. La actualidad y la creatividad son los pilares fundamentales para seguir creciendo, y [&hellip;]","og_url":"https:\/\/ggmetal.es\/en\/","og_site_name":"G&amp;G Metal Innovation","article_modified_time":"2025-09-08T15:39:08+00:00","og_image":[{"width":1536,"height":2048,"url":"https:\/\/ggmetal.es\/wp-content\/uploads\/2025\/09\/puerta_corredera_chapa_plegada.jpeg","type":"image\/jpeg"}],"twitter_card":"summary_large_image","twitter_misc":{"Estimated reading time":"1 minute"},"schema":{"@context":"https:\/\/schema.org","@graph":[{"@type":"WebPage","@id":"https:\/\/ggmetal.es\/","url":"https:\/\/ggmetal.es\/","name":"Inicio - G&amp;G Metal Innovation","isPartOf":{"@id":"https:\/\/ggmetal.es\/#website"},"primaryImageOfPage":{"@id":"https:\/\/ggmetal.es\/#primaryimage"},"image":{"@id":"https:\/\/ggmetal.es\/#primaryimage"},"thumbnailUrl":"https:\/\/ggmetal.es\/wp-content\/uploads\/2025\/09\/puerta_corredera_chapa_plegada-768x1024.jpeg","datePublished":"2025-09-08T12:45:30+00:00","dateModified":"2025-09-08T15:39:08+00:00","breadcrumb":{"@id":"https:\/\/ggmetal.es\/#breadcrumb"},"inLanguage":"en-GB","potentialAction":[{"@type":"ReadAction","target":["https:\/\/ggmetal.es\/"]}]},{"@type":"ImageObject","inLanguage":"en-GB","@id":"https:\/\/ggmetal.es\/#primaryimage","url":"https:\/\/ggmetal.es\/wp-content\/uploads\/2025\/09\/puerta_corredera_chapa_plegada-768x1024.jpeg","contentUrl":"https:\/\/ggmetal.es\/wp-content\/uploads\/2025\/09\/puerta_corredera_chapa_plegada-768x1024.jpeg"},{"@type":"BreadcrumbList","@id":"https:\/\/ggmetal.es\/#breadcrumb","itemListElement":[{"@type":"ListItem","position":1,"name":"Portada","item":"https:\/\/ggmetal.es\/"},{"@type":"ListItem","position":2,"name":"Inicio"}]},{"@type":"WebSite","@id":"https:\/\/ggmetal.es\/#website","url":"https:\/\/ggmetal.es\/","name":"G&amp;G Metal Innovation","description":"ESTRUTURAS METALICAS Y CERRAJERIA","publisher":{"@id":"https:\/\/ggmetal.es\/#organization"},"potentialAction":[{"@type":"SearchAction","target":{"@type":"EntryPoint","urlTemplate":"https:\/\/ggmetal.es\/?s={search_term_string}"},"query-input":{"@type":"PropertyValueSpecification","valueRequired":true,"valueName":"search_term_string"}}],"inLanguage":"en-GB"},{"@type":"Organization","@id":"https:\/\/ggmetal.es\/#organization","name":"G&amp;G Metal Innovation","url":"https:\/\/ggmetal.es\/","logo":{"@type":"ImageObject","inLanguage":"en-GB","@id":"https:\/\/ggmetal.es\/#\/schema\/logo\/image\/","url":"https:\/\/ggmetal.es\/wp-content\/uploads\/2025\/09\/cropped-logo-Isabel-Gomez-Sienra.png","contentUrl":"https:\/\/ggmetal.es\/wp-content\/uploads\/2025\/09\/cropped-logo-Isabel-Gomez-Sienra.png","width":719,"height":447,"caption":"G&amp;G Metal Innovation"},"image":{"@id":"https:\/\/ggmetal.es\/#\/schema\/logo\/image\/"}}]}},"_links":{"self":[{"href":"https:\/\/ggmetal.es\/en\/wp-json\/wp\/v2\/pages\/21","targetHints":{"allow":["GET"]}}],"collection":[{"href":"https:\/\/ggmetal.es\/en\/wp-json\/wp\/v2\/pages"}],"about":[{"href":"https:\/\/ggmetal.es\/en\/wp-json\/wp\/v2\/types\/page"}],"author":[{"embeddable":true,"href":"https:\/\/ggmetal.es\/en\/wp-json\/wp\/v2\/users\/1"}],"replies":[{"embeddable":true,"href":"https:\/\/ggmetal.es\/en\/wp-json\/wp\/v2\/comments?post=21"}],"version-history":[{"count":49,"href":"https:\/\/ggmetal.es\/en\/wp-json\/wp\/v2\/pages\/21\/revisions"}],"predecessor-version":[{"id":387,"href":"https:\/\/ggmetal.es\/en\/wp-json\/wp\/v2\/pages\/21\/revisions\/387"}],"wp:attachment":[{"href":"https:\/\/ggmetal.es\/en\/wp-json\/wp\/v2\/media?parent=21"}],"curies":[{"name":"wp","href":"https:\/\/api.w.org\/{rel}","templated":true}]}}